{"id":764,"date":"2026-01-29T15:54:10","date_gmt":"2026-01-29T15:54:10","guid":{"rendered":"https:\/\/cemediav.es\/?page_id=764"},"modified":"2026-01-29T15:56:35","modified_gmt":"2026-01-29T15:56:35","slug":"politica-de-cookies","status":"publish","type":"page","link":"https:\/\/cemediav.es\/en\/politica-de-cookies\/","title":{"rendered":"POL\u00cdTICA DE COOKIES"},"content":{"rendered":"<div data-elementor-type=\"wp-page\" data-elementor-id=\"764\" class=\"elementor elementor-764\">\n\t\t\t\t\t\t\t<div class=\"elementor-element elementor-element-12368d5 e-flex e-con-boxed e-con e-parent\" data-id=\"12368d5\" data-element_type=\"container\" data-settings=\"{&quot;content_width&quot;:&quot;boxed&quot;}\" data-core-v316-plus=\"true\">\n\t\t\t\t\t<div class=\"e-con-inner\">\n\t\t\t\t<div class=\"elementor-element elementor-element-be5500a elementor-widget elementor-widget-heading\" data-id=\"be5500a\" data-element_type=\"widget\" data-widget_type=\"heading.default\">\n\t\t\t\t<div class=\"elementor-widget-container\">\n\t\t\t<style>\/*! elementor - v3.18.0 - 20-12-2023 *\/\n.elementor-heading-title{padding:0;margin:0;line-height:1}.elementor-widget-heading .elementor-heading-title[class*=elementor-size-]>a{color:inherit;font-size:inherit;line-height:inherit}.elementor-widget-heading .elementor-heading-title.elementor-size-small{font-size:15px}.elementor-widget-heading .elementor-heading-title.elementor-size-medium{font-size:19px}.elementor-widget-heading .elementor-heading-title.elementor-size-large{font-size:29px}.elementor-widget-heading .elementor-heading-title.elementor-size-xl{font-size:39px}.elementor-widget-heading .elementor-heading-title.elementor-size-xxl{font-size:59px}<\/style><h1 class=\"elementor-heading-title elementor-size-default\">POL\u00cdTICA DE COOKIES<\/h1>\t\t<\/div>\n\t\t\t\t<\/div>\n\t\t\t\t<div class=\"elementor-element elementor-element-dc7e20e elementor-widget elementor-widget-heading\" data-id=\"dc7e20e\" data-element_type=\"widget\" data-widget_type=\"heading.default\">\n\t\t\t\t<div class=\"elementor-widget-container\">\n\t\t\t<h2 class=\"elementor-heading-title elementor-size-default\">1. \u00bfQu\u00e9 son las cookies?<\/h2>\t\t<\/div>\n\t\t\t\t<\/div>\n\t\t\t\t<div class=\"elementor-element elementor-element-c658318 elementor-widget elementor-widget-text-editor\" data-id=\"c658318\" data-element_type=\"widget\" data-widget_type=\"text-editor.default\">\n\t\t\t\t<div class=\"elementor-widget-container\">\n\t\t\t<style>\/*! elementor - v3.18.0 - 20-12-2023 *\/\n.elementor-widget-text-editor.elementor-drop-cap-view-stacked .elementor-drop-cap{background-color:#69727d;color:#fff}.elementor-widget-text-editor.elementor-drop-cap-view-framed .elementor-drop-cap{color:#69727d;border:3px solid;background-color:transparent}.elementor-widget-text-editor:not(.elementor-drop-cap-view-default) .elementor-drop-cap{margin-top:8px}.elementor-widget-text-editor:not(.elementor-drop-cap-view-default) .elementor-drop-cap-letter{width:1em;height:1em}.elementor-widget-text-editor .elementor-drop-cap{float:left;text-align:center;line-height:1;font-size:50px}.elementor-widget-text-editor .elementor-drop-cap-letter{display:inline-block}<\/style>\t\t\t\t<p><span style=\"color: #000000;\">Las cookies son archivos que se descargan en tu dispositivo al acceder a un sitio web. Permiten almacenar y recuperar informaci\u00f3n sobre tu navegaci\u00f3n.<\/span><\/p>\t\t\t\t\t\t<\/div>\n\t\t\t\t<\/div>\n\t\t\t\t<div class=\"elementor-element elementor-element-6015dec elementor-widget elementor-widget-heading\" data-id=\"6015dec\" data-element_type=\"widget\" data-widget_type=\"heading.default\">\n\t\t\t\t<div class=\"elementor-widget-container\">\n\t\t\t<h2 class=\"elementor-heading-title elementor-size-default\">2. Tipos de cookies utilizadas en este sitio web<\/h2>\t\t<\/div>\n\t\t\t\t<\/div>\n\t\t\t\t<div class=\"elementor-element elementor-element-81b62a4 elementor-widget elementor-widget-text-editor\" data-id=\"81b62a4\" data-element_type=\"widget\" data-widget_type=\"text-editor.default\">\n\t\t\t\t<div class=\"elementor-widget-container\">\n\t\t\t\t\t\t\t<h3><span style=\"color: #000000;\"><strong>a) Cookies t\u00e9cnicas (obligatorias)<\/strong><\/span><\/h3><p><span style=\"color: #000000;\">Necesarias para el funcionamiento del sitio web. No requieren consentimiento.<\/span><\/p><h3><span style=\"color: #000000;\"><strong>b) Cookies de an\u00e1lisis<\/strong><\/span><\/h3><p><span style=\"color: #000000;\">Permiten medir el uso del sitio y mejorar su rendimiento. Ejemplo: Google Analytics.<\/span><\/p><h3><span style=\"color: #000000;\"><strong>c) Cookies de personalizaci\u00f3n<\/strong><\/span><\/h3><p><span style=\"color: #000000;\">Recuerdan preferencias como idioma o configuraci\u00f3n.<\/span><\/p><h3><span style=\"color: #000000;\"><strong>d) Cookies de publicidad<\/strong><\/span><\/h3><p><span style=\"color: #000000;\">Permiten mostrar anuncios personalizados. Solo se activan con consentimiento.<\/span><\/p>\t\t\t\t\t\t<\/div>\n\t\t\t\t<\/div>\n\t\t\t\t<div class=\"elementor-element elementor-element-c8c4a25 elementor-widget elementor-widget-heading\" data-id=\"c8c4a25\" data-element_type=\"widget\" data-widget_type=\"heading.default\">\n\t\t\t\t<div class=\"elementor-widget-container\">\n\t\t\t<h2 class=\"elementor-heading-title elementor-size-default\">3. Cookies utilizadas<\/h2>\t\t<\/div>\n\t\t\t\t<\/div>\n\t\t\t\t<div class=\"elementor-element elementor-element-e00dad5 elementor-widget elementor-widget-text-editor\" data-id=\"e00dad5\" data-element_type=\"widget\" data-widget_type=\"text-editor.default\">\n\t\t\t\t<div class=\"elementor-widget-container\">\n\t\t\t\t\t\t\t<p><span style=\"color: #000000;\">Ejemplos habituales (pueden variar seg\u00fan configuraci\u00f3n):<\/span><\/p><div><div><table><thead><tr><th><span style=\"color: #000000;\">Tipo<\/span><\/th><th><span style=\"color: #000000;\">Nombre<\/span><\/th><th><span style=\"color: #000000;\">Proveedor<\/span><\/th><th><span style=\"color: #000000;\">Duraci\u00f3n<\/span><\/th><th><span style=\"color: #000000;\">Finalidad<\/span><\/th><\/tr><\/thead><tbody><tr><td><span style=\"color: #000000;\">T\u00e9cnica<\/span><\/td><td><span style=\"color: #000000;\">cookieyes-consent<\/span><\/td><td><span style=\"color: #000000;\">CookieYes<\/span><\/td><td><span style=\"color: #000000;\">1 a\u00f1o<\/span><\/td><td><span style=\"color: #000000;\">Guardar preferencias de cookies<\/span><\/td><\/tr><tr><td><span style=\"color: #000000;\">T\u00e9cnica<\/span><\/td><td><span style=\"color: #000000;\">\\_\\_cf\\_bm<\/span><\/td><td><span style=\"color: #000000;\">Cloudflare<\/span><\/td><td><span style=\"color: #000000;\">Sesi\u00f3n<\/span><\/td><td><span style=\"color: #000000;\">Seguridad y rendimiento<\/span><\/td><\/tr><tr><td><span style=\"color: #000000;\">An\u00e1lisis<\/span><\/td><td><span style=\"color: #000000;\">\\_ga, \\_gid<\/span><\/td><td><span style=\"color: #000000;\">Google Analytics<\/span><\/td><td><span style=\"color: #000000;\">1 d\u00eda \u2013 2 a\u00f1os<\/span><\/td><td><span style=\"color: #000000;\">Analizar navegaci\u00f3n<\/span><\/td><\/tr><tr><td><span style=\"color: #000000;\">Marketing<\/span><\/td><td><span style=\"color: #000000;\">IDE, ANID<\/span><\/td><td><span style=\"color: #000000;\">Google Ads<\/span><\/td><td><span style=\"color: #000000;\">1 mes \u2013 1 a\u00f1o<\/span><\/td><td><span style=\"color: #000000;\">Publicidad personalizada<\/span><\/td><\/tr><\/tbody><\/table><\/div><\/div>\t\t\t\t\t\t<\/div>\n\t\t\t\t<\/div>\n\t\t\t\t<div class=\"elementor-element elementor-element-33c99e3 elementor-widget elementor-widget-heading\" data-id=\"33c99e3\" data-element_type=\"widget\" data-widget_type=\"heading.default\">\n\t\t\t\t<div class=\"elementor-widget-container\">\n\t\t\t<h2 class=\"elementor-heading-title elementor-size-default\">4. Gesti\u00f3n de cookies<\/h2>\t\t<\/div>\n\t\t\t\t<\/div>\n\t\t\t\t<div class=\"elementor-element elementor-element-66becf6 elementor-widget elementor-widget-text-editor\" data-id=\"66becf6\" data-element_type=\"widget\" data-widget_type=\"text-editor.default\">\n\t\t\t\t<div class=\"elementor-widget-container\">\n\t\t\t\t\t\t\t<p><span style=\"color: #000000;\">Puedes permitir, bloquear o eliminar cookies desde la configuraci\u00f3n de tu navegador. Tambi\u00e9n puedes modificar tu consentimiento desde el banner de cookies del sitio.<\/span><\/p>\t\t\t\t\t\t<\/div>\n\t\t\t\t<\/div>\n\t\t\t\t<div class=\"elementor-element elementor-element-c553cd2 elementor-widget elementor-widget-heading\" data-id=\"c553cd2\" data-element_type=\"widget\" data-widget_type=\"heading.default\">\n\t\t\t\t<div class=\"elementor-widget-container\">\n\t\t\t<h2 class=\"elementor-heading-title elementor-size-default\">5. Consentimiento<\/h2>\t\t<\/div>\n\t\t\t\t<\/div>\n\t\t\t\t<div class=\"elementor-element elementor-element-805a2a4 elementor-widget elementor-widget-text-editor\" data-id=\"805a2a4\" data-element_type=\"widget\" data-widget_type=\"text-editor.default\">\n\t\t\t\t<div class=\"elementor-widget-container\">\n\t\t\t\t\t\t\t<p><span style=\"color: #000000;\">Al acceder por primera vez al sitio, se muestra un aviso donde puedes aceptar, rechazar o configurar las cookies.<\/span><\/p>\t\t\t\t\t\t<\/div>\n\t\t\t\t<\/div>\n\t\t\t\t\t<\/div>\n\t\t\t\t<\/div>\n\t\t\t\t\t\t\t<\/div>","protected":false},"excerpt":{"rendered":"<p>POL\u00cdTICA DE COOKIES 1. \u00bfQu\u00e9 son las cookies? Las cookies son archivos que se descargan en tu dispositivo al acceder a un sitio web. Permiten almacenar y recuperar informaci\u00f3n sobre tu navegaci\u00f3n. 2. Tipos de cookies utilizadas en este sitio web a) Cookies t\u00e9cnicas (obligatorias) Necesarias para el funcionamiento del sitio web. No requieren consentimiento. [&hellip;]<\/p>","protected":false},"author":1,"featured_media":0,"parent":0,"menu_order":0,"comment_status":"closed","ping_status":"closed","template":"","meta":{"footnotes":""},"class_list":["post-764","page","type-page","status-publish","hentry"],"yoast_head":"<!-- This site is optimized with the Yoast SEO plugin v24.9 - https:\/\/yoast.com\/wordpress\/plugins\/seo\/ -->\n<title>POL\u00cdTICA DE COOKIES - Cemediav<\/title>\n<meta name=\"robots\" content=\"index, follow, max-snippet:-1, max-image-preview:large, max-video-preview:-1\" \/>\n<link rel=\"canonical\" href=\"https:\/\/cemediav.es\/en\/politica-de-cookies\/\" \/>\n<meta property=\"og:locale\" content=\"en_GB\" \/>\n<meta property=\"og:type\" content=\"article\" \/>\n<meta property=\"og:title\" content=\"POL\u00cdTICA DE COOKIES - Cemediav\" \/>\n<meta property=\"og:description\" content=\"POL\u00cdTICA DE COOKIES 1. \u00bfQu\u00e9 son las cookies? Las cookies son archivos que se descargan en tu dispositivo al acceder a un sitio web. Permiten almacenar y recuperar informaci\u00f3n sobre tu navegaci\u00f3n. 2. Tipos de cookies utilizadas en este sitio web a) Cookies t\u00e9cnicas (obligatorias) Necesarias para el funcionamiento del sitio web. No requieren consentimiento. [&hellip;]\" \/>\n<meta property=\"og:url\" content=\"https:\/\/cemediav.es\/en\/politica-de-cookies\/\" \/>\n<meta property=\"og:site_name\" content=\"Cemediav\" \/>\n<meta property=\"article:modified_time\" content=\"2026-01-29T15:56:35+00:00\" \/>\n<meta property=\"og:image\" content=\"https:\/\/cemediav.es\/wp-content\/uploads\/2024\/02\/MG_4804-imagen-home-web2.jpg\" \/>\n\t<meta property=\"og:image:width\" content=\"1322\" \/>\n\t<meta property=\"og:image:height\" content=\"818\" \/>\n\t<meta property=\"og:image:type\" content=\"image\/jpeg\" \/>\n<meta name=\"twitter:card\" content=\"summary_large_image\" \/>\n<meta name=\"twitter:label1\" content=\"Estimated reading time\" \/>\n\t<meta name=\"twitter:data1\" content=\"1 minute\" \/>\n<script type=\"application\/ld+json\" class=\"yoast-schema-graph\">{\"@context\":\"https:\/\/schema.org\",\"@graph\":[{\"@type\":[\"WebPage\",\"MedicalWebPage\"],\"@id\":\"https:\/\/cemediav.es\/politica-de-cookies\/\",\"url\":\"https:\/\/cemediav.es\/politica-de-cookies\/\",\"name\":\"POL\u00cdTICA DE COOKIES - Cemediav\",\"isPartOf\":{\"@id\":\"https:\/\/cemediav.es\/#website\"},\"datePublished\":\"2026-01-29T15:54:10+00:00\",\"dateModified\":\"2026-01-29T15:56:35+00:00\",\"breadcrumb\":{\"@id\":\"https:\/\/cemediav.es\/politica-de-cookies\/#breadcrumb\"},\"inLanguage\":\"en-GB\",\"potentialAction\":[{\"@type\":\"ReadAction\",\"target\":[\"https:\/\/cemediav.es\/politica-de-cookies\/\"]}]},{\"@type\":\"BreadcrumbList\",\"@id\":\"https:\/\/cemediav.es\/politica-de-cookies\/#breadcrumb\",\"itemListElement\":[{\"@type\":\"ListItem\",\"position\":1,\"name\":\"Portada\",\"item\":\"https:\/\/cemediav.es\/\"},{\"@type\":\"ListItem\",\"position\":2,\"name\":\"POL\u00cdTICA DE COOKIES\"}]},{\"@type\":\"WebSite\",\"@id\":\"https:\/\/cemediav.es\/#website\",\"url\":\"https:\/\/cemediav.es\/\",\"name\":\"Cemediav\",\"description\":\"\",\"publisher\":{\"@id\":\"https:\/\/cemediav.es\/#organization\"},\"potentialAction\":[{\"@type\":\"SearchAction\",\"target\":{\"@type\":\"EntryPoint\",\"urlTemplate\":\"https:\/\/cemediav.es\/?s={search_term_string}\"},\"query-input\":{\"@type\":\"PropertyValueSpecification\",\"valueRequired\":true,\"valueName\":\"search_term_string\"}}],\"inLanguage\":\"en-GB\"},{\"@type\":\"Organization\",\"@id\":\"https:\/\/cemediav.es\/#organization\",\"name\":\"Cemediav centro m\u00e9dico de diagn\u00f3stico avanzado\",\"url\":\"https:\/\/cemediav.es\/\",\"logo\":{\"@type\":\"ImageObject\",\"inLanguage\":\"en-GB\",\"@id\":\"https:\/\/cemediav.es\/#\/schema\/logo\/image\/\",\"url\":\"https:\/\/cemediav.es\/wp-content\/uploads\/2024\/01\/Group-33.png\",\"contentUrl\":\"https:\/\/cemediav.es\/wp-content\/uploads\/2024\/01\/Group-33.png\",\"width\":289,\"height\":66,\"caption\":\"Cemediav centro m\u00e9dico de diagn\u00f3stico avanzado\"},\"image\":{\"@id\":\"https:\/\/cemediav.es\/#\/schema\/logo\/image\/\"}}]}<\/script>\n<!-- \/ Yoast SEO plugin. -->","yoast_head_json":{"title":"POL\u00cdTICA DE COOKIES - Cemediav","robots":{"index":"index","follow":"follow","max-snippet":"max-snippet:-1","max-image-preview":"max-image-preview:large","max-video-preview":"max-video-preview:-1"},"canonical":"https:\/\/cemediav.es\/en\/politica-de-cookies\/","og_locale":"en_GB","og_type":"article","og_title":"POL\u00cdTICA DE COOKIES - Cemediav","og_description":"POL\u00cdTICA DE COOKIES 1. \u00bfQu\u00e9 son las cookies? Las cookies son archivos que se descargan en tu dispositivo al acceder a un sitio web. Permiten almacenar y recuperar informaci\u00f3n sobre tu navegaci\u00f3n. 2. Tipos de cookies utilizadas en este sitio web a) Cookies t\u00e9cnicas (obligatorias) Necesarias para el funcionamiento del sitio web. No requieren consentimiento. [&hellip;]","og_url":"https:\/\/cemediav.es\/en\/politica-de-cookies\/","og_site_name":"Cemediav","article_modified_time":"2026-01-29T15:56:35+00:00","og_image":[{"width":1322,"height":818,"url":"https:\/\/cemediav.es\/wp-content\/uploads\/2024\/02\/MG_4804-imagen-home-web2.jpg","type":"image\/jpeg"}],"twitter_card":"summary_large_image","twitter_misc":{"Estimated reading time":"1 minute"},"schema":{"@context":"https:\/\/schema.org","@graph":[{"@type":["WebPage","MedicalWebPage"],"@id":"https:\/\/cemediav.es\/politica-de-cookies\/","url":"https:\/\/cemediav.es\/politica-de-cookies\/","name":"POL\u00cdTICA DE COOKIES - Cemediav","isPartOf":{"@id":"https:\/\/cemediav.es\/#website"},"datePublished":"2026-01-29T15:54:10+00:00","dateModified":"2026-01-29T15:56:35+00:00","breadcrumb":{"@id":"https:\/\/cemediav.es\/politica-de-cookies\/#breadcrumb"},"inLanguage":"en-GB","potentialAction":[{"@type":"ReadAction","target":["https:\/\/cemediav.es\/politica-de-cookies\/"]}]},{"@type":"BreadcrumbList","@id":"https:\/\/cemediav.es\/politica-de-cookies\/#breadcrumb","itemListElement":[{"@type":"ListItem","position":1,"name":"Portada","item":"https:\/\/cemediav.es\/"},{"@type":"ListItem","position":2,"name":"POL\u00cdTICA DE COOKIES"}]},{"@type":"WebSite","@id":"https:\/\/cemediav.es\/#website","url":"https:\/\/cemediav.es\/","name":"Cemediav","description":"","publisher":{"@id":"https:\/\/cemediav.es\/#organization"},"potentialAction":[{"@type":"SearchAction","target":{"@type":"EntryPoint","urlTemplate":"https:\/\/cemediav.es\/?s={search_term_string}"},"query-input":{"@type":"PropertyValueSpecification","valueRequired":true,"valueName":"search_term_string"}}],"inLanguage":"en-GB"},{"@type":"Organization","@id":"https:\/\/cemediav.es\/#organization","name":"Cemediav centro m\u00e9dico de diagn\u00f3stico avanzado","url":"https:\/\/cemediav.es\/","logo":{"@type":"ImageObject","inLanguage":"en-GB","@id":"https:\/\/cemediav.es\/#\/schema\/logo\/image\/","url":"https:\/\/cemediav.es\/wp-content\/uploads\/2024\/01\/Group-33.png","contentUrl":"https:\/\/cemediav.es\/wp-content\/uploads\/2024\/01\/Group-33.png","width":289,"height":66,"caption":"Cemediav centro m\u00e9dico de diagn\u00f3stico avanzado"},"image":{"@id":"https:\/\/cemediav.es\/#\/schema\/logo\/image\/"}}]}},"_links":{"self":[{"href":"https:\/\/cemediav.es\/en\/wp-json\/wp\/v2\/pages\/764","targetHints":{"allow":["GET"]}}],"collection":[{"href":"https:\/\/cemediav.es\/en\/wp-json\/wp\/v2\/pages"}],"about":[{"href":"https:\/\/cemediav.es\/en\/wp-json\/wp\/v2\/types\/page"}],"author":[{"embeddable":true,"href":"https:\/\/cemediav.es\/en\/wp-json\/wp\/v2\/users\/1"}],"replies":[{"embeddable":true,"href":"https:\/\/cemediav.es\/en\/wp-json\/wp\/v2\/comments?post=764"}],"version-history":[{"count":4,"href":"https:\/\/cemediav.es\/en\/wp-json\/wp\/v2\/pages\/764\/revisions"}],"predecessor-version":[{"id":768,"href":"https:\/\/cemediav.es\/en\/wp-json\/wp\/v2\/pages\/764\/revisions\/768"}],"wp:attachment":[{"href":"https:\/\/cemediav.es\/en\/wp-json\/wp\/v2\/media?parent=764"}],"curies":[{"name":"wp","href":"https:\/\/api.w.org\/{rel}","templated":true}]}}